{"id":9,"date":"2020-10-19T13:03:12","date_gmt":"2020-10-19T11:03:12","guid":{"rendered":"http:\/\/x.simekgsm.pl\/?page_id=9"},"modified":"2020-10-19T13:10:13","modified_gmt":"2020-10-19T11:10:13","slug":"glowna","status":"publish","type":"page","link":"https:\/\/x.simekgsm.pl\/","title":{"rendered":"G\u0142\u00f3wna"},"content":{"rendered":"\n<p>Je\u015bli jeste\u015b posiadaczem uszkodzonego telefonu, tabletu czy nawigacji to dobrze trafi\u0142e\u015b !<\/p>\n","protected":false},"excerpt":{"rendered":"<p>Je\u015bli jeste\u015b posiadaczem uszkodzonego telefonu, tabletu czy nawigacji to dobrze trafi\u0142e\u015b !<\/p>\n","protected":false},"author":1,"featured_media":0,"parent":0,"menu_order":0,"comment_status":"closed","ping_status":"closed","template":"","meta":{"neve_meta_sidebar":"","neve_meta_container":"","neve_meta_enable_content_width":"","neve_meta_content_width":0,"neve_meta_title_alignment":"","neve_meta_author_avatar":"","neve_post_elements_order":"","neve_meta_disable_header":"","neve_meta_disable_footer":"","neve_meta_disable_title":""},"_links":{"self":[{"href":"https:\/\/x.simekgsm.pl\/index.php\/wp-json\/wp\/v2\/pages\/9"}],"collection":[{"href":"https:\/\/x.simekgsm.pl\/index.php\/wp-json\/wp\/v2\/pages"}],"about":[{"href":"https:\/\/x.simekgsm.pl\/index.php\/wp-json\/wp\/v2\/types\/page"}],"author":[{"embeddable":true,"href":"https:\/\/x.simekgsm.pl\/index.php\/wp-json\/wp\/v2\/users\/1"}],"replies":[{"embeddable":true,"href":"https:\/\/x.simekgsm.pl\/index.php\/wp-json\/wp\/v2\/comments?post=9"}],"version-history":[{"count":2,"href":"https:\/\/x.simekgsm.pl\/index.php\/wp-json\/wp\/v2\/pages\/9\/revisions"}],"predecessor-version":[{"id":24,"href":"https:\/\/x.simekgsm.pl\/index.php\/wp-json\/wp\/v2\/pages\/9\/revisions\/24"}],"wp:attachment":[{"href":"https:\/\/x.simekgsm.pl\/index.php\/wp-json\/wp\/v2\/media?parent=9"}],"curies":[{"name":"wp","href":"https:\/\/api.w.org\/{rel}","templated":true}]}}